{"id":2740,"date":"2020-09-02T09:37:21","date_gmt":"2020-09-02T09:37:21","guid":{"rendered":"http:\/\/shortfilmfestival.com\/infor-besoket\/"},"modified":"2025-10-04T09:36:54","modified_gmt":"2025-10-04T09:36:54","slug":"infor-besoket","status":"publish","type":"page","link":"https:\/\/shortfilmfestival.com\/en\/infor-besoket\/","title":{"rendered":"Before you visit"},"content":{"rendered":"","protected":false},"excerpt":{"rendered":"","protected":false},"author":1,"featured_media":0,"parent":0,"menu_order":8,"comment_status":"closed","ping_status":"closed","template":"","meta":{"_acf_changed":false,"footnotes":""},"class_list":["post-2740","page","type-page","status-publish","hentry"],"acf":[],"yoast_head":"<!-- This site is optimized with the Yoast SEO plugin v25.3 - https:\/\/yoast.com\/wordpress\/plugins\/seo\/ -->\n<title>Before you visit | Short Film Festival<\/title>\n<meta name=\"description\" content=\"Biljetter kan k\u00f6pas p\u00e5 Reginateatern under festivalveckan 19-25 oktober 2020 och p\u00e5 Tickster fr\u00e5n 9 oktober 2020.\" \/>\n<meta name=\"robots\" content=\"index, follow, max-snippet:-1, max-image-preview:large, max-video-preview:-1\" \/>\n<link rel=\"canonical\" href=\"https:\/\/shortfilmfestival.com\/infor-besoket\/\" \/>\n<meta property=\"og:locale\" content=\"en_US\" \/>\n<meta property=\"og:type\" content=\"article\" \/>\n<meta property=\"og:title\" content=\"Before you visit | Short Film Festival\" \/>\n<meta property=\"og:description\" content=\"Biljetter kan k\u00f6pas p\u00e5 Reginateatern under festivalveckan 19-25 oktober 2020 och p\u00e5 Tickster fr\u00e5n 9 oktober 2020.\" \/>\n<meta property=\"og:url\" content=\"https:\/\/shortfilmfestival.com\/infor-besoket\/\" \/>\n<meta property=\"og:site_name\" content=\"Short Film Festival\" \/>\n<meta property=\"article:modified_time\" content=\"2025-10-04T09:36:54+00:00\" \/>\n<meta property=\"og:image\" content=\"https:\/\/shortfilmfestival.com\/wp-content\/uploads\/2025\/10\/backdrop-text-scaled.webp\" \/>\n\t<meta property=\"og:image:width\" content=\"2560\" \/>\n\t<meta property=\"og:image:height\" content=\"1366\" \/>\n\t<meta property=\"og:image:type\" content=\"image\/webp\" \/>\n<meta name=\"twitter:card\" content=\"summary_large_image\" \/>\n<meta name=\"twitter:label1\" content=\"Est. reading time\" \/>\n\t<meta name=\"twitter:data1\" content=\"2 minutes\" \/>\n<script type=\"application\/ld+json\" class=\"yoast-schema-graph\">{\"@context\":\"https:\/\/schema.org\",\"@graph\":[{\"@type\":\"WebPage\",\"@id\":\"https:\/\/shortfilmfestival.com\/infor-besoket\/\",\"url\":\"https:\/\/shortfilmfestival.com\/infor-besoket\/\",\"name\":\"Before you visit | Short Film Festival\",\"isPartOf\":{\"@id\":\"https:\/\/shortfilmfestival.com\/#website\"},\"datePublished\":\"2020-09-02T09:37:21+00:00\",\"dateModified\":\"2025-10-04T09:36:54+00:00\",\"description\":\"Biljetter kan k\u00f6pas p\u00e5 Reginateatern under festivalveckan 19-25 oktober 2020 och p\u00e5 Tickster fr\u00e5n 9 oktober 2020.\",\"breadcrumb\":{\"@id\":\"https:\/\/shortfilmfestival.com\/infor-besoket\/#breadcrumb\"},\"inLanguage\":\"en-US\",\"potentialAction\":[{\"@type\":\"ReadAction\",\"target\":[\"https:\/\/shortfilmfestival.com\/infor-besoket\/\"]}]},{\"@type\":\"BreadcrumbList\",\"@id\":\"https:\/\/shortfilmfestival.com\/infor-besoket\/#breadcrumb\",\"itemListElement\":[{\"@type\":\"ListItem\",\"position\":1,\"name\":\"Home\",\"item\":\"https:\/\/shortfilmfestival.com\/en\/\"},{\"@type\":\"ListItem\",\"position\":2,\"name\":\"Before you visit\"}]},{\"@type\":\"WebSite\",\"@id\":\"https:\/\/shortfilmfestival.com\/#website\",\"url\":\"https:\/\/shortfilmfestival.com\/\",\"name\":\"Short Film Festival\",\"description\":\"Uppsala Kortfilmfestival\",\"potentialAction\":[{\"@type\":\"SearchAction\",\"target\":{\"@type\":\"EntryPoint\",\"urlTemplate\":\"https:\/\/shortfilmfestival.com\/?s={search_term_string}\"},\"query-input\":{\"@type\":\"PropertyValueSpecification\",\"valueRequired\":true,\"valueName\":\"search_term_string\"}}],\"inLanguage\":\"en-US\"}]}<\/script>\n<!-- \/ Yoast SEO plugin. -->","yoast_head_json":{"title":"Before you visit | Short Film Festival","description":"Biljetter kan k\u00f6pas p\u00e5 Reginateatern under festivalveckan 19-25 oktober 2020 och p\u00e5 Tickster fr\u00e5n 9 oktober 2020.","robots":{"index":"index","follow":"follow","max-snippet":"max-snippet:-1","max-image-preview":"max-image-preview:large","max-video-preview":"max-video-preview:-1"},"canonical":"https:\/\/shortfilmfestival.com\/infor-besoket\/","og_locale":"en_US","og_type":"article","og_title":"Before you visit | Short Film Festival","og_description":"Biljetter kan k\u00f6pas p\u00e5 Reginateatern under festivalveckan 19-25 oktober 2020 och p\u00e5 Tickster fr\u00e5n 9 oktober 2020.","og_url":"https:\/\/shortfilmfestival.com\/infor-besoket\/","og_site_name":"Short Film Festival","article_modified_time":"2025-10-04T09:36:54+00:00","og_image":[{"width":2560,"height":1366,"url":"https:\/\/shortfilmfestival.com\/wp-content\/uploads\/2025\/10\/backdrop-text-scaled.webp","type":"image\/webp"}],"twitter_card":"summary_large_image","twitter_misc":{"Est. reading time":"2 minutes"},"schema":{"@context":"https:\/\/schema.org","@graph":[{"@type":"WebPage","@id":"https:\/\/shortfilmfestival.com\/infor-besoket\/","url":"https:\/\/shortfilmfestival.com\/infor-besoket\/","name":"Before you visit | Short Film Festival","isPartOf":{"@id":"https:\/\/shortfilmfestival.com\/#website"},"datePublished":"2020-09-02T09:37:21+00:00","dateModified":"2025-10-04T09:36:54+00:00","description":"Biljetter kan k\u00f6pas p\u00e5 Reginateatern under festivalveckan 19-25 oktober 2020 och p\u00e5 Tickster fr\u00e5n 9 oktober 2020.","breadcrumb":{"@id":"https:\/\/shortfilmfestival.com\/infor-besoket\/#breadcrumb"},"inLanguage":"en-US","potentialAction":[{"@type":"ReadAction","target":["https:\/\/shortfilmfestival.com\/infor-besoket\/"]}]},{"@type":"BreadcrumbList","@id":"https:\/\/shortfilmfestival.com\/infor-besoket\/#breadcrumb","itemListElement":[{"@type":"ListItem","position":1,"name":"Home","item":"https:\/\/shortfilmfestival.com\/en\/"},{"@type":"ListItem","position":2,"name":"Before you visit"}]},{"@type":"WebSite","@id":"https:\/\/shortfilmfestival.com\/#website","url":"https:\/\/shortfilmfestival.com\/","name":"Short Film Festival","description":"Uppsala Kortfilmfestival","potentialAction":[{"@type":"SearchAction","target":{"@type":"EntryPoint","urlTemplate":"https:\/\/shortfilmfestival.com\/?s={search_term_string}"},"query-input":{"@type":"PropertyValueSpecification","valueRequired":true,"valueName":"search_term_string"}}],"inLanguage":"en-US"}]}},"_links":{"self":[{"href":"https:\/\/shortfilmfestival.com\/en\/wp-json\/wp\/v2\/pages\/2740","targetHints":{"allow":["GET"]}}],"collection":[{"href":"https:\/\/shortfilmfestival.com\/en\/wp-json\/wp\/v2\/pages"}],"about":[{"href":"https:\/\/shortfilmfestival.com\/en\/wp-json\/wp\/v2\/types\/page"}],"author":[{"embeddable":true,"href":"https:\/\/shortfilmfestival.com\/en\/wp-json\/wp\/v2\/users\/1"}],"replies":[{"embeddable":true,"href":"https:\/\/shortfilmfestival.com\/en\/wp-json\/wp\/v2\/comments?post=2740"}],"version-history":[{"count":7,"href":"https:\/\/shortfilmfestival.com\/en\/wp-json\/wp\/v2\/pages\/2740\/revisions"}],"predecessor-version":[{"id":15724,"href":"https:\/\/shortfilmfestival.com\/en\/wp-json\/wp\/v2\/pages\/2740\/revisions\/15724"}],"wp:attachment":[{"href":"https:\/\/shortfilmfestival.com\/en\/wp-json\/wp\/v2\/media?parent=2740"}],"curies":[{"name":"wp","href":"https:\/\/api.w.org\/{rel}","templated":true}]}}